{"id":5,"date":"2016-06-16T11:30:42","date_gmt":"2016-06-16T11:30:42","guid":{"rendered":"http:\/\/bridge53.qodeinteractive.com\/?page_id=5"},"modified":"2019-10-31T15:17:24","modified_gmt":"2019-10-31T14:17:24","slug":"home","status":"publish","type":"page","link":"https:\/\/semplifica.cloud\/","title":{"rendered":"Home"},"content":{"rendered":"<p>[vc_row css_animation=&#8221;&#8221; row_type=&#8221;row&#8221; use_row_as_full_screen_section=&#8221;no&#8221; type=&#8221;grid&#8221; angled_section=&#8221;no&#8221; text_align=&#8221;left&#8221; background_image_as_pattern=&#8221;without_pattern&#8221; css=&#8221;.vc_custom_1467712527727{padding-top: 116px !important;padding-bottom: 90px !important;}&#8221;][vc_column offset=&#8221;vc_col-lg-6 vc_col-md-6&#8243;][vc_column_text]<\/p>\n<h2>Per le imprese<\/h2>\n<p>[\/vc_column_text][vc_empty_space height=&#8221;27px&#8221;][vc_column_text]Per le imprese, in dipendenza della loro dimensione e\/o tipologia di mercato praticamente tutte le funzioni presenti in semplifica.<sup>cloud<\/sup> possono tornare utili, attivarle o meno (ricordando che sono sempre tutte disponibili) \u00e8 funzione unicamente della loro utilit\u00e0 per limpresa.<\/p>\n<p>Ricordiamo che \u00e8 consigliabile chiedere un tour del prodotto per prendere visione di tutti i moduli attivabili, anche se \u00e8 sempre possibile navigare nell&#8217;applicazione liberamente e provare tutte le funzionalit\u00e0 che riterrete utili.[\/vc_column_text][vc_empty_space height=&#8221;36px&#8221;]<a  itemprop=\"url\" href=\"https:\/\/semplifica.cloud\/?page_id=198\" target=\"_self\"  class=\"qbutton  default\" style=\"\">Richiedi la demo gratuita<\/a>[vc_empty_space height=&#8221;68px&#8221;][\/vc_column][vc_column offset=&#8221;vc_col-lg-6 vc_col-md-6&#8243;][vc_empty_space height=&#8221;4px&#8221;][vc_single_image image=&#8221;142&#8243; img_size=&#8221;full&#8221; qode_css_animation=&#8221;&#8221;][vc_empty_space height=&#8221;30px&#8221;][\/vc_column][\/vc_row][vc_row css_animation=&#8221;&#8221; row_type=&#8221;row&#8221; use_row_as_full_screen_section=&#8221;no&#8221; type=&#8221;grid&#8221; angled_section=&#8221;no&#8221; text_align=&#8221;left&#8221; background_image_as_pattern=&#8221;without_pattern&#8221; css=&#8221;.vc_custom_1467712527727{padding-top: 116px !important;padding-bottom: 90px !important;}&#8221;][vc_column offset=&#8221;vc_col-lg-6 vc_col-md-6&#8243;][vc_empty_space height=&#8221;4px&#8221;][vc_single_image image=&#8221;141&#8243; img_size=&#8221;full&#8221; qode_css_animation=&#8221;&#8221;][vc_empty_space height=&#8221;30px&#8221;][\/vc_column][vc_column offset=&#8221;vc_col-lg-6 vc_col-md-6&#8243;][vc_column_text]<\/p>\n<h2>Per i liberi professionisti<\/h2>\n<p>[\/vc_column_text][vc_empty_space height=&#8221;27px&#8221;][vc_column_text]I professionisti che adottano il regime della parcellazione troveranno in Semplifica<sup>.cloud<\/sup> un valido supporto essendo presenti :<\/p>\n<p>gestione delle ritenute di acconto.<\/p>\n<p>gestione rivalsa con il pagamento all&#8217;ente inserito automaticamente in scadenzario<\/p>\n<p>Le eventuali RA passive sono conteggiate nella sezione imposte ed inserite a scadenzario automaticamente.[\/vc_column_text][vc_empty_space height=&#8221;36px&#8221;]<a  itemprop=\"url\" href=\"https:\/\/semplifica.cloud\/?page_id=198\" target=\"_self\"  class=\"qbutton  default\" style=\"\">Richiedi la demo gratuita<\/a>[vc_empty_space height=&#8221;68px&#8221;][\/vc_column][\/vc_row][vc_row css_animation=&#8221;&#8221; row_type=&#8221;row&#8221; use_row_as_full_screen_section=&#8221;no&#8221; type=&#8221;grid&#8221; angled_section=&#8221;no&#8221; text_align=&#8221;left&#8221; background_image_as_pattern=&#8221;without_pattern&#8221; css=&#8221;.vc_custom_1467712527727{padding-top: 116px !important;padding-bottom: 90px !important;}&#8221;][vc_column offset=&#8221;vc_col-lg-6 vc_col-md-6&#8243;][vc_column_text]<\/p>\n<h2>Per il settore no-profit<\/h2>\n<p>[\/vc_column_text][vc_empty_space height=&#8221;27px&#8221;][vc_column_text]Le cooperative, le organizzazioni no-profit , oltre a tutte le normali funzioni di gestione tipiche del ciclo d&#8217;impresa, hanno disponibili la gestione delle donazioni, associabili ad un progetto e quindi tracciabili in base alle campagne realizzate, oltre alla gestione interna delle mailing list avendo quindi nomi e date omogenee all&#8217;interno della stessa applicazione.<\/p>\n<p>In oltre vi \u00e8 la possibilit\u00e0 di gestire gli associati della coop. con l&#8217;invio di comunicazioni, la sottoscrizione delle quote ed eventualmente annotare un prestito sociale.[\/vc_column_text][vc_empty_space height=&#8221;36px&#8221;]<a  itemprop=\"url\" href=\"https:\/\/semplifica.cloud\/?page_id=198\" target=\"_self\"  class=\"qbutton  default\" style=\"\">Richiedi la demo gratuita<\/a>[vc_empty_space height=&#8221;68px&#8221;][\/vc_column][vc_column offset=&#8221;vc_col-lg-6 vc_col-md-6&#8243;][vc_empty_space height=&#8221;4px&#8221;][vc_single_image image=&#8221;182&#8243; img_size=&#8221;full&#8221; qode_css_animation=&#8221;&#8221;][vc_empty_space height=&#8221;30px&#8221;][\/vc_column][\/vc_row][vc_row row_type=&#8221;parallax&#8221; parallax_content_width=&#8221;in_grid&#8221; text_align=&#8221;left&#8221; full_screen_section_height=&#8221;no&#8221; background_image=&#8221;52&#8243;][vc_column][qode_elements_holder number_of_columns=&#8221;two_columns&#8221;][qode_elements_holder_item vertical_alignment=&#8221;middle&#8221; advanced_animations=&#8221;no&#8221; item_padding_600_768=&#8221;95px 0 0 0&#8243; item_padding_480_600=&#8221;95px 0 0 0&#8243; item_padding_480=&#8221;95px 0 0 0&#8243;][vc_column_text]<\/p>\n<h2><span style=\"color: #ffffff;\">Sempre con te<br \/>\n<\/span><\/h2>\n<p>[\/vc_column_text][vc_empty_space height=&#8221;27px&#8221;][vc_column_text]<span style=\"color: #ffffff;\">Puoi gestire ogni operazione dal tuo telefono o pad, dovunque sei, in qualsiasi momento. Non avrai bisogno di tornare in ufficio, non avrai bisogno di cercare un computer.<\/span>[\/vc_column_text][vc_empty_space height=&#8221;36px&#8221;]<a  itemprop=\"url\" href=\"https:\/\/semplifica.cloud\/?page_id=198\" target=\"_self\"  class=\"qbutton  default\" style=\"\">Richiedi la demo gratuita<\/a>[\/qode_elements_holder_item][qode_elements_holder_item vertical_alignment=&#8221;bottom&#8221; advanced_animations=&#8221;no&#8221; item_padding=&#8221;106px 0 0 0&#8243; item_padding_600_768=&#8221;62px 0 0 0&#8243; item_padding_480_600=&#8221;62px 0 0 0&#8243; item_padding_480=&#8221;62px 0 0 0&#8243;][vc_single_image image=&#8221;16115&#8243; img_size=&#8221;full&#8221; qode_css_animation=&#8221;&#8221;][\/qode_elements_holder_item][\/qode_elements_holder][\/vc_column][\/vc_row][vc_row row_type=&#8221;parallax&#8221; parallax_content_width=&#8221;in_grid&#8221; text_align=&#8221;center&#8221; full_screen_section_height=&#8221;no&#8221; background_image=&#8221;104&#8243;][vc_column][vc_empty_space height=&#8221;120px&#8221;][vc_row_inner row_type=&#8221;row&#8221; type=&#8221;full_width&#8221; text_align=&#8221;center&#8221; css_animation=&#8221;&#8221;][vc_column_inner width=&#8221;1\/2&#8243; offset=&#8221;vc_col-lg-3 vc_col-md-3&#8243;]<span data-type=\"square\" data-hover-bg-color=\"#364a5b\" data-hover-icon-color=\"#ffffff\" class=\"qode_icon_shortcode fa-stack q_font_awsome_icon_square fa-lg  \" style=\"background-color: #475b6c;border: 0;font-size: 55px;font-size: 70px;border-radius: 100px; \"><span aria-hidden=\"true\" class=\"qode_icon_font_elegant icon_cloud_alt qode_icon_element\" style=\"font-size: 55px;color: #ffffff;\" ><\/span><\/span>[vc_empty_space][vc_column_text]<\/p>\n<h4>Accedi da ovunque<\/h4>\n<p>[\/vc_column_text][vc_empty_space height=&#8221;21px&#8221;][vc_column_text]Semplifica<sup>.cloud<\/sup> supporta l&#8217;uso da pi\u00f9 utenti contemporaneamente da diversi luoghi del pianeta[\/vc_column_text][vc_empty_space height=&#8221;55px&#8221;][\/vc_column_inner][vc_column_inner width=&#8221;1\/2&#8243; offset=&#8221;vc_col-lg-3 vc_col-md-3&#8243;]<span data-type=\"square\" data-hover-bg-color=\"#364a5b\" data-hover-icon-color=\"#ffffff\" class=\"qode_icon_shortcode fa-stack q_font_awsome_icon_square fa-lg  \" style=\"background-color: #475b6c;border: 0;font-size: 55px;font-size: 70px;border-radius: 100px; \"><span aria-hidden=\"true\" class=\"qode_icon_font_elegant icon_clock_alt qode_icon_element\" style=\"font-size: 55px;color: #ffffff;\" ><\/span><\/span>[vc_empty_space][vc_column_text]<\/p>\n<h4>Risparmi tempo<\/h4>\n<p>[\/vc_column_text][vc_empty_space height=&#8221;21px&#8221;][vc_column_text]Non devi installare nulla, non devi fare backup, non hai bisogno neanche di andare in ufficio[\/vc_column_text][vc_empty_space height=&#8221;55px&#8221;][\/vc_column_inner][vc_column_inner width=&#8221;1\/2&#8243; offset=&#8221;vc_col-lg-3 vc_col-md-3&#8243;]<span data-type=\"square\" data-hover-bg-color=\"#364a5b\" data-hover-icon-color=\"#ffffff\" class=\"qode_icon_shortcode fa-stack q_font_awsome_icon_square fa-lg  \" style=\"background-color: #475b6c;border: 0;font-size: 55px;font-size: 70px;border-radius: 100px; \"><span aria-hidden=\"true\" class=\"qode_icon_font_elegant icon_lightbulb_alt qode_icon_element\" style=\"font-size: 55px;color: #ffffff;\" ><\/span><\/span>[vc_empty_space][vc_column_text]<\/p>\n<h4>Risparmi denaro<\/h4>\n<p>[\/vc_column_text][vc_empty_space height=&#8221;21px&#8221;][vc_column_text]Non compri server, n\u00e9 licenze software, n\u00e9 paghi tecnici: una sola quota annuale per tutto.[\/vc_column_text][vc_empty_space height=&#8221;55px&#8221;][\/vc_column_inner][vc_column_inner width=&#8221;1\/2&#8243; offset=&#8221;vc_col-lg-3 vc_col-md-3&#8243;]<span data-type=\"square\" data-hover-bg-color=\"#364a5b\" data-hover-icon-color=\"#ffffff\" class=\"qode_icon_shortcode fa-stack q_font_awsome_icon_square fa-lg  \" style=\"background-color: #475b6c;border: 0;font-size: 55px;font-size: 70px;border-radius: 100px; \"><span aria-hidden=\"true\" class=\"qode_icon_font_elegant icon_genius qode_icon_element\" style=\"font-size: 55px;color: #ffffff;\" ><\/span><\/span>[vc_empty_space][vc_column_text]<\/p>\n<h4>Gestisci a 360\u00b0<\/h4>\n<p>[\/vc_column_text][vc_empty_space height=&#8221;21px&#8221;][vc_column_text]Puoi gestire ogni aspetto della tua azienda in completa sicurezza[\/vc_column_text][vc_empty_space height=&#8221;55px&#8221;][\/vc_column_inner][\/vc_row_inner][vc_empty_space height=&#8221;56px&#8221;][\/vc_column][\/vc_row]<\/p>\n","protected":false},"excerpt":{"rendered":"<p>[vc_row css_animation=&#8221;&#8221; row_type=&#8221;row&#8221; use_row_as_full_screen_section=&#8221;no&#8221; type=&#8221;grid&#8221; angled_section=&#8221;no&#8221; text_align=&#8221;left&#8221; background_image_as_pattern=&#8221;without_pattern&#8221; css=&#8221;.vc_custom_1467712527727{padding-top: 116px !important;padding-bottom: 90px !important;}&#8221;][vc_column offset=&#8221;vc_col-lg-6 vc_col-md-6&#8243;][vc_column_text] Per le imprese [\/vc_column_text][vc_empty_space height=&#8221;27px&#8221;][vc_column_text]Per le imprese, in dipendenza della loro dimensione e\/o tipologia di mercato praticamente tutte le funzioni presenti in semplifica.cloud possono tornare utili, attivarle o meno (ricordando&#8230;<\/p>\n","protected":false},"author":1,"featured_media":0,"parent":0,"menu_order":0,"comment_status":"closed","ping_status":"closed","template":"full_width.php","meta":[],"_links":{"self":[{"href":"https:\/\/semplifica.cloud\/index.php?rest_route=\/wp\/v2\/pages\/5"}],"collection":[{"href":"https:\/\/semplifica.cloud\/index.php?rest_route=\/wp\/v2\/pages"}],"about":[{"href":"https:\/\/semplifica.cloud\/index.php?rest_route=\/wp\/v2\/types\/page"}],"author":[{"embeddable":true,"href":"https:\/\/semplifica.cloud\/index.php?rest_route=\/wp\/v2\/users\/1"}],"replies":[{"embeddable":true,"href":"https:\/\/semplifica.cloud\/index.php?rest_route=%2Fwp%2Fv2%2Fcomments&post=5"}],"version-history":[{"count":16,"href":"https:\/\/semplifica.cloud\/index.php?rest_route=\/wp\/v2\/pages\/5\/revisions"}],"predecessor-version":[{"id":16469,"href":"https:\/\/semplifica.cloud\/index.php?rest_route=\/wp\/v2\/pages\/5\/revisions\/16469"}],"wp:attachment":[{"href":"https:\/\/semplifica.cloud\/index.php?rest_route=%2Fwp%2Fv2%2Fmedia&parent=5"}],"curies":[{"name":"wp","href":"https:\/\/api.w.org\/{rel}","templated":true}]}}