{"id":16562,"date":"2021-10-21T16:41:30","date_gmt":"2021-10-21T14:41:30","guid":{"rendered":"https:\/\/semplifica.cloud\/?page_id=16562"},"modified":"2021-10-22T11:43:08","modified_gmt":"2021-10-22T09:43:08","slug":"woocommerce-integration","status":"publish","type":"page","link":"https:\/\/semplifica.cloud\/?page_id=16562","title":{"rendered":"Integrazione con woocommerce"},"content":{"rendered":"<p>[vc_row css_animation=&#8221;&#8221; row_type=&#8221;row&#8221; use_row_as_full_screen_section=&#8221;no&#8221; type=&#8221;grid&#8221; angled_section=&#8221;no&#8221; text_align=&#8221;left&#8221; background_image_as_pattern=&#8221;without_pattern&#8221; css=&#8221;.vc_custom_1467817860413{padding-top: 115px !important;padding-bottom: 125px !important;}&#8221;][vc_column][qode_elements_holder number_of_columns=&#8221;two_columns&#8221;][qode_elements_holder_item advanced_animations=&#8221;no&#8221; item_padding=&#8221;8px 0 0 0&#8243; item_padding_600_768=&#8221;0 0 53px 0&#8243; item_padding_480_600=&#8221;0 0 53px 0&#8243; item_padding_480=&#8221;0 0 53px 0&#8243;][vc_single_image image=&#8221;218&#8243; img_size=&#8221;full&#8221; alignment=&#8221;right&#8221; qode_css_animation=&#8221;&#8221;][\/qode_elements_holder_item][qode_elements_holder_item vertical_alignment=&#8221;middle&#8221; advanced_animations=&#8221;no&#8221; item_padding=&#8221;0 0 0 9.8%&#8221; item_padding_600_768=&#8221;0 0 0 0&#8243; item_padding_480_600=&#8221;0 0 0 0&#8243; item_padding_480=&#8221;0 0 0 0&#8243;][vc_column_text]<\/p>\n<h2>Perch\u00e8 integrare gestionale e commercio elettronico<\/h2>\n<p>[\/vc_column_text][vc_empty_space height=&#8221;27px&#8221;][vc_column_text]Semplificare il processo di vendita \u00e8 l&#8217;obiettivo principale dell&#8217;integrazione con woocommerce, integrare il proprio gestionale con il proprio e-commerce significa sincronizzare i clienti i prodotti gli ordini ed il magazzino avere il massimo controllo delle operazioni a valle della vendita oltre ad un notevole risparmio di tempo.[\/vc_column_text][vc_empty_space height=&#8221;36px&#8221;]<a  itemprop=\"url\" href=\"https:\/\/semplifica.cloud\/?page_id=198\" target=\"_self\"  class=\"qbutton  default\" style=\"\">Contattaci !<\/a>[\/qode_elements_holder_item][\/qode_elements_holder][\/vc_column][\/vc_row][vc_row css_animation=&#8221;&#8221; row_type=&#8221;row&#8221; use_row_as_full_screen_section=&#8221;no&#8221; type=&#8221;grid&#8221; angled_section=&#8221;no&#8221; text_align=&#8221;left&#8221; background_image_as_pattern=&#8221;without_pattern&#8221; css=&#8221;.vc_custom_1467814970687{padding-top: 115px !important;padding-bottom: 125px !important;background-color: #eceef0 !important;}&#8221;][vc_column][qode_elements_holder background_color=&#8221;#eceef0&#8243; number_of_columns=&#8221;two_columns&#8221;][qode_elements_holder_item vertical_alignment=&#8221;middle&#8221; advanced_animations=&#8221;no&#8221; item_padding=&#8221;0 7% 0 0&#8243; item_padding_600_768=&#8221;0 0 68px 0&#8243; item_padding_480_600=&#8221;0 0 68px 0&#8243; item_padding_480=&#8221;0 0 68px 0&#8243;][vc_column_text]<\/p>\n<h2>Come realizziamo l&#8217;integrazione tra il gestionale ed il negozio elettronico<\/h2>\n<p>[\/vc_column_text][vc_empty_space height=&#8221;27px&#8221;][vc_column_text]semplifica.<sup>cloud<\/sup> \u00e8 perfettamente integrato con woocommerce, quindi sia che tu abbia gi\u00e0 un e-commerce in opera sia che tu voglia iniziare hai trovato la soluzione, infatti \u00e8 sufficiente aggiungere un plugin a woocommerce e l&#8217;integrazione \u00e8 realizzata. Da quel momento gli ordini effettuati sulla piattaforma di vendita verranno trasferiti sul gestionale pronti per la consegna e la fatturazione ed i clienti trasferiti in anagrafica.[\/vc_column_text][vc_empty_space height=&#8221;36px&#8221;]<a  itemprop=\"url\" href=\"https:\/\/semplifica.cloud\/?page_id=198\" target=\"_self\"  class=\"qbutton  default\" style=\"\">Contattaci<\/a>[\/qode_elements_holder_item][qode_elements_holder_item advanced_animations=&#8221;no&#8221; item_padding=&#8221;8px 0 0 0&#8243; item_padding_600_768=&#8221;0 0 0 0&#8243; item_padding_480_600=&#8221;0 0 0 0&#8243; item_padding_480=&#8221;0 0 0 0&#8243;][vc_single_image image=&#8221;182&#8243; img_size=&#8221;full&#8221; alignment=&#8221;right&#8221; qode_css_animation=&#8221;&#8221;][\/qode_elements_holder_item][\/qode_elements_holder][\/vc_column][\/vc_row][vc_row css_animation=&#8221;&#8221; row_type=&#8221;row&#8221; use_row_as_full_screen_section=&#8221;no&#8221; type=&#8221;grid&#8221; angled_section=&#8221;no&#8221; text_align=&#8221;left&#8221; background_image_as_pattern=&#8221;without_pattern&#8221; css=&#8221;.vc_custom_1467817860413{padding-top: 115px !important;padding-bottom: 125px !important;}&#8221;][vc_column][qode_elements_holder number_of_columns=&#8221;two_columns&#8221;][qode_elements_holder_item advanced_animations=&#8221;no&#8221; item_padding=&#8221;8px 0 0 0&#8243; item_padding_600_768=&#8221;0 0 53px 0&#8243; item_padding_480_600=&#8221;0 0 53px 0&#8243; item_padding_480=&#8221;0 0 53px 0&#8243;][vc_single_image image=&#8221;219&#8243; img_size=&#8221;full&#8221; alignment=&#8221;right&#8221; qode_css_animation=&#8221;&#8221;][\/qode_elements_holder_item][qode_elements_holder_item vertical_alignment=&#8221;middle&#8221; advanced_animations=&#8221;no&#8221; item_padding=&#8221;0 0 0 9.8%&#8221; item_padding_600_768=&#8221;0 0 0 0&#8243; item_padding_480_600=&#8221;0 0 0 0&#8243; item_padding_480=&#8221;0 0 0 0&#8243;][vc_column_text]<\/p>\n<h2>In breve&#8230;<\/h2>\n<p>[\/vc_column_text][vc_empty_space height=&#8221;27px&#8221;][vc_column_text]Possiamo fare tutto questo senza alcuna forzatura perch\u00e8 adottiamo un&#8217;architettura single-tenant, ogni istallazione \u00e8 unica col proprio database in oltre il trasferimento dei dati avviene via API quindi \u00e8 irrilevante dove \u00e8 mantenuto wordpreess, la connessione tra le due piattaforme sar\u00e0 sempre univoca e stabile. Puoi controllare anche diverse installazioni woocommerce con un unico semplifica.[\/vc_column_text][vc_empty_space height=&#8221;36px&#8221;]<a  itemprop=\"url\" href=\"https:\/\/semplifica.cloud\/?page_id=198\" target=\"_self\"  class=\"qbutton  default\" style=\"\">Contattaci<\/a>[\/qode_elements_holder_item][\/qode_elements_holder][\/vc_column][\/vc_row][vc_row css_animation=&#8221;&#8221; row_type=&#8221;row&#8221; use_row_as_full_screen_section=&#8221;no&#8221; type=&#8221;grid&#8221; angled_section=&#8221;no&#8221; text_align=&#8221;left&#8221; background_image_as_pattern=&#8221;without_pattern&#8221; css=&#8221;.vc_custom_1467814970687{padding-top: 115px !important;padding-bottom: 125px !important;background-color: #eceef0 !important;}&#8221;][vc_column][qode_elements_holder background_color=&#8221;#eceef0&#8243; number_of_columns=&#8221;two_columns&#8221;][qode_elements_holder_item vertical_alignment=&#8221;middle&#8221; advanced_animations=&#8221;no&#8221; item_padding=&#8221;0 7% 0 0&#8243; item_padding_600_768=&#8221;0 0 68px 0&#8243; item_padding_480_600=&#8221;0 0 68px 0&#8243; item_padding_480=&#8221;0 0 68px 0&#8243;][vc_column_text]<\/p>\n<h2>Quindi<\/h2>\n<p>[\/vc_column_text][vc_empty_space height=&#8221;27px&#8221;][vc_column_text]Se vuoi approfondire la soluzione che ti proponiamo contattaci, \u00e8 molto probabile che la tua ricerca sia giunta al termine.[\/vc_column_text][vc_empty_space height=&#8221;36px&#8221;]<a  itemprop=\"url\" href=\"https:\/\/semplifica.cloud\/?page_id=198\" target=\"_self\"  class=\"qbutton  default\" style=\"\">Contattaci<\/a>[\/qode_elements_holder_item][qode_elements_holder_item advanced_animations=&#8221;no&#8221; item_padding=&#8221;8px 0 0 0&#8243; item_padding_600_768=&#8221;0 0 0 0&#8243; item_padding_480_600=&#8221;0 0 0 0&#8243; item_padding_480=&#8221;0 0 0 0&#8243;][vc_single_image image=&#8221;182&#8243; img_size=&#8221;full&#8221; alignment=&#8221;right&#8221; qode_css_animation=&#8221;&#8221;][\/qode_elements_holder_item][\/qode_elements_holder][\/vc_column][\/vc_row]<\/p>\n","protected":false},"excerpt":{"rendered":"<p>[vc_row css_animation=&#8221;&#8221; row_type=&#8221;row&#8221; use_row_as_full_screen_section=&#8221;no&#8221; type=&#8221;grid&#8221; angled_section=&#8221;no&#8221; text_align=&#8221;left&#8221; background_image_as_pattern=&#8221;without_pattern&#8221; css=&#8221;.vc_custom_1467817860413{padding-top: 115px !important;padding-bottom: 125px !important;}&#8221;][vc_column][qode_elements_holder number_of_columns=&#8221;two_columns&#8221;][qode_elements_holder_item advanced_animations=&#8221;no&#8221; item_padding=&#8221;8px 0 0 0&#8243; item_padding_600_768=&#8221;0 0 53px 0&#8243; item_padding_480_600=&#8221;0 0 53px 0&#8243; item_padding_480=&#8221;0 0 53px 0&#8243;][vc_single_image image=&#8221;218&#8243; img_size=&#8221;full&#8221; alignment=&#8221;right&#8221; qode_css_animation=&#8221;&#8221;][\/qode_elements_holder_item][qode_elements_holder_item vertical_alignment=&#8221;middle&#8221; advanced_animations=&#8221;no&#8221; item_padding=&#8221;0 0 0 9.8%&#8221; item_padding_600_768=&#8221;0 0 0 0&#8243;&#8230;<\/p>\n","protected":false},"author":2,"featured_media":0,"parent":0,"menu_order":0,"comment_status":"closed","ping_status":"closed","template":"full_width.php","meta":[],"_links":{"self":[{"href":"https:\/\/semplifica.cloud\/index.php?rest_route=\/wp\/v2\/pages\/16562"}],"collection":[{"href":"https:\/\/semplifica.cloud\/index.php?rest_route=\/wp\/v2\/pages"}],"about":[{"href":"https:\/\/semplifica.cloud\/index.php?rest_route=\/wp\/v2\/types\/page"}],"author":[{"embeddable":true,"href":"https:\/\/semplifica.cloud\/index.php?rest_route=\/wp\/v2\/users\/2"}],"replies":[{"embeddable":true,"href":"https:\/\/semplifica.cloud\/index.php?rest_route=%2Fwp%2Fv2%2Fcomments&post=16562"}],"version-history":[{"count":7,"href":"https:\/\/semplifica.cloud\/index.php?rest_route=\/wp\/v2\/pages\/16562\/revisions"}],"predecessor-version":[{"id":16572,"href":"https:\/\/semplifica.cloud\/index.php?rest_route=\/wp\/v2\/pages\/16562\/revisions\/16572"}],"wp:attachment":[{"href":"https:\/\/semplifica.cloud\/index.php?rest_route=%2Fwp%2Fv2%2Fmedia&parent=16562"}],"curies":[{"name":"wp","href":"https:\/\/api.w.org\/{rel}","templated":true}]}}